{"id":154,"date":"2010-07-04T11:08:50","date_gmt":"2010-07-04T15:08:50","guid":{"rendered":"https:\/\/www.seigneuriedutriton.com\/?page_id=154"},"modified":"2013-03-15T11:41:40","modified_gmt":"2013-03-15T15:41:40","slug":"2009-en","status":"publish","type":"page","link":"https:\/\/seigneuriedutriton.com\/en\/informations\/2-pounds-club\/years\/2009-en\/","title":{"rendered":"2009"},"content":{"rendered":"<h2>5 lbs and over<\/h2>\n<p><strong>\n<table id=\"wp-table-reloaded-id-20-no-1\" class=\"wp-table-reloaded wp-table-reloaded-id-20\">\n<thead>\n\t<tr class=\"row-1 odd\">\n\t\t<th class=\"column-1\">\u00a0\u00a0NAME<\/th><th class=\"column-2\">WEIGHT<\/th><th class=\"column-3\">LAKE<\/th><th class=\"column-4\">DATE<\/th>\n\t<\/tr>\n<\/thead>\n<tbody>\n\t<tr class=\"row-2 even\">\n\t\t<td class=\"column-1\">\u00a0\u00a0Yves Lemoine<\/td><td class=\"column-2\">5 lb 1 oz<\/td><td class=\"column-3\">Esp\u00e9rance<\/td><td class=\"column-4\">May 22<\/td>\n\t<\/tr>\n<\/tbody>\n<\/table>\n<\/strong><\/p>\n<h2>4 lbs and over<\/h2>\n<p><strong>\n<table id=\"wp-table-reloaded-id-19-no-1\" class=\"wp-table-reloaded wp-table-reloaded-id-19\">\n<thead>\n\t<tr class=\"row-1 odd\">\n\t\t<th class=\"column-1\">\u00a0\u00a0NAME<\/th><th class=\"column-2\">WEIGHT<\/th><th class=\"column-3\">LAKE<\/th><th class=\"column-4\">DATE<\/th>\n\t<\/tr>\n<\/thead>\n<tbody>\n\t<tr class=\"row-2 even\">\n\t\t<td class=\"column-1\">\u00a0\u00a0Alain Hamel<\/td><td class=\"column-2\">4 lb 8 oz<\/td><td class=\"column-3\">Foi<\/td><td class=\"column-4\">May 9<\/td>\n\t<\/tr>\n\t<tr class=\"row-3 odd\">\n\t\t<td class=\"column-1\">\u00a0\u00a0Marc Gosselin<\/td><td class=\"column-2\">4 lb 6 oz<\/td><td class=\"column-3\">Esp\u00e9rance<\/td><td class=\"column-4\">June 5<\/td>\n\t<\/tr>\n\t<tr class=\"row-4 even\">\n\t\t<td class=\"column-1\">\u00a0\u00a0Andrew Lukoshius<\/td><td class=\"column-2\">4 lb 5 oz<\/td><td class=\"column-3\">Charit\u00e9<\/td><td class=\"column-4\">May 23<\/td>\n\t<\/tr>\n\t<tr class=\"row-5 odd\">\n\t\t<td class=\"column-1\">\u00a0\u00a0Serge Boily<\/td><td class=\"column-2\">4 lb 4 oz<\/td><td class=\"column-3\">Esp\u00e9rance<\/td><td class=\"column-4\">May 23<\/td>\n\t<\/tr>\n\t<tr class=\"row-6 even\">\n\t\t<td class=\"column-1\">\u00a0\u00a0H\u00e9l\u00e8ne Brunelle<\/td><td class=\"column-2\">4 lb 4 oz<\/td><td class=\"column-3\">Foi<\/td><td class=\"column-4\">May 13<\/td>\n\t<\/tr>\n\t<tr class=\"row-7 odd\">\n\t\t<td class=\"column-1\">\u00a0\u00a0Robert Cordeau<\/td><td class=\"column-2\">4 lb 0 oz<\/td><td class=\"column-3\">Charit\u00e9<\/td><td class=\"column-4\">May 17<\/td>\n\t<\/tr>\n<\/tbody>\n<\/table>\n<\/strong><\/p>\n<h2>3 lbs and over<\/h2>\n<p><strong>\n<table id=\"wp-table-reloaded-id-18-no-1\" class=\"wp-table-reloaded wp-table-reloaded-id-18\">\n<thead>\n\t<tr class=\"row-1 odd\">\n\t\t<th class=\"column-1\">\u00a0\u00a0NAME<\/th><th class=\"column-2\">WEIGHT<\/th><th class=\"column-3\">LAKE<\/th><th class=\"column-4\">DATE<\/th>\n\t<\/tr>\n<\/thead>\n<tbody>\n\t<tr class=\"row-2 even\">\n\t\t<td class=\"column-1\">\u00a0\u00a0Luc Rolland<\/td><td class=\"column-2\">3 lb 15 oz<\/td><td class=\"column-3\">Light<\/td><td class=\"column-4\">May 13<\/td>\n\t<\/tr>\n\t<tr class=\"row-3 odd\">\n\t\t<td class=\"column-1\">\u00a0\u00a0G\u00e9rard L\u00e9gar\u00e9<\/td><td class=\"column-2\">3 lb 13 oz<\/td><td class=\"column-3\">Charit\u00e9<\/td><td class=\"column-4\">June 3<\/td>\n\t<\/tr>\n\t<tr class=\"row-4 even\">\n\t\t<td class=\"column-1\">\u00a0\u00a0Andr\u00e9 Zaraa<\/td><td class=\"column-2\">3 lb 12 oz<\/td><td class=\"column-3\">Foi<\/td><td class=\"column-4\">May 25<\/td>\n\t<\/tr>\n\t<tr class=\"row-5 odd\">\n\t\t<td class=\"column-1\">\u00a0\u00a0Dani\u00e8le Cantin<\/td><td class=\"column-2\">3 lb 12 oz<\/td><td class=\"column-3\">Charit\u00e9<\/td><td class=\"column-4\">May 8<\/td>\n\t<\/tr>\n\t<tr class=\"row-6 even\">\n\t\t<td class=\"column-1\">\u00a0\u00a0Marjolaine Mc Nicoll<\/td><td class=\"column-2\">3 lb 12 oz<\/td><td class=\"column-3\">Charit\u00e9<\/td><td class=\"column-4\">June 1<\/td>\n\t<\/tr>\n\t<tr class=\"row-7 odd\">\n\t\t<td class=\"column-1\">\u00a0\u00a0Denis Simard<\/td><td class=\"column-2\">3 lb 11 oz<\/td><td class=\"column-3\">Light<\/td><td class=\"column-4\">May 17<\/td>\n\t<\/tr>\n\t<tr class=\"row-8 even\">\n\t\t<td class=\"column-1\">\u00a0\u00a0Fran\u00e7ois Lampron<\/td><td class=\"column-2\">3 lb 11 oz<\/td><td class=\"column-3\">Charit\u00e9<\/td><td class=\"column-4\">May 17<\/td>\n\t<\/tr>\n\t<tr class=\"row-9 odd\">\n\t\t<td class=\"column-1\">\u00a0\u00a0Louise Boulanger<\/td><td class=\"column-2\">3 lb 11 oz<\/td><td class=\"column-3\">Charit\u00e9<\/td><td class=\"column-4\">May 16<\/td>\n\t<\/tr>\n\t<tr class=\"row-10 even\">\n\t\t<td class=\"column-1\">\u00a0\u00a0Andr\u00e9 Gosselin<\/td><td class=\"column-2\">3 lb 10 oz<\/td><td class=\"column-3\">Esp\u00e9rance<\/td><td class=\"column-4\">May 25<\/td>\n\t<\/tr>\n\t<tr class=\"row-11 odd\">\n\t\t<td class=\"column-1\">\u00a0\u00a0Denis Turcotte<\/td><td class=\"column-2\">3 lb 10 oz<\/td><td class=\"column-3\">Charit\u00e9 1<\/td><td class=\"column-4\">May 9<\/td>\n\t<\/tr>\n\t<tr class=\"row-12 even\">\n\t\t<td class=\"column-1\">\u00a0\u00a0Christian Potvin<\/td><td class=\"column-2\">3 lb 10 oz<\/td><td class=\"column-3\">Charit\u00e9<\/td><td class=\"column-4\">May 22<\/td>\n\t<\/tr>\n\t<tr class=\"row-13 odd\">\n\t\t<td class=\"column-1\">\u00a0\u00a0Andr\u00e9 Lessard<\/td><td class=\"column-2\">3 lb 8 oz<\/td><td class=\"column-3\">Charit\u00e9 2<\/td><td class=\"column-4\">May 9<\/td>\n\t<\/tr>\n\t<tr class=\"row-14 even\">\n\t\t<td class=\"column-1\">\u00a0\u00a0Louis-Andr\u00e9 Gagnon<\/td><td class=\"column-2\">3 lb 8 oz<\/td><td class=\"column-3\">Charit\u00e9<\/td><td class=\"column-4\">May 12<\/td>\n\t<\/tr>\n\t<tr class=\"row-15 odd\">\n\t\t<td class=\"column-1\">\u00a0\u00a0Marc-Andr\u00e9 Cormier<\/td><td class=\"column-2\">3 lb 8 oz<\/td><td class=\"column-3\">Charit\u00e9 2<\/td><td class=\"column-4\">May 13<\/td>\n\t<\/tr>\n\t<tr class=\"row-16 even\">\n\t\t<td class=\"column-1\">\u00a0\u00a0Fran\u00e7ois Lampron<\/td><td class=\"column-2\">3 lb 8 oz<\/td><td class=\"column-3\">Charit\u00e9<\/td><td class=\"column-4\">May 17<\/td>\n\t<\/tr>\n\t<tr class=\"row-17 odd\">\n\t\t<td class=\"column-1\">\u00a0\u00a0Bibianne Bernier<\/td><td class=\"column-2\">3 lb 7 oz<\/td><td class=\"column-3\">Charit\u00e9<\/td><td class=\"column-4\">June 3<\/td>\n\t<\/tr>\n\t<tr class=\"row-18 even\">\n\t\t<td class=\"column-1\">\u00a0\u00a0Andr\u00e9e Boily<\/td><td class=\"column-2\">3 lb 7 oz<\/td><td class=\"column-3\">Charit\u00e9<\/td><td class=\"column-4\">June 3<\/td>\n\t<\/tr>\n\t<tr class=\"row-19 odd\">\n\t\t<td class=\"column-1\">\u00a0\u00a0Jacques Renaud<\/td><td class=\"column-2\">3 lb 7 oz<\/td><td class=\"column-3\">Esp\u00e9rance<\/td><td class=\"column-4\">May 15<\/td>\n\t<\/tr>\n\t<tr class=\"row-20 even\">\n\t\t<td class=\"column-1\">\u00a0\u00a0R\u00e9jean Gosselin<\/td><td class=\"column-2\">3 lb 7 oz<\/td><td class=\"column-3\">Charit\u00e9 1<\/td><td class=\"column-4\">May 29<\/td>\n\t<\/tr>\n\t<tr class=\"row-21 odd\">\n\t\t<td class=\"column-1\">\u00a0\u00a0Marc-Olivier Caron<\/td><td class=\"column-2\">3 lb 6 oz<\/td><td class=\"column-3\">Charit\u00e9 1<\/td><td class=\"column-4\">May 30<\/td>\n\t<\/tr>\n\t<tr class=\"row-22 even\">\n\t\t<td class=\"column-1\">\u00a0\u00a0Denis Messier<\/td><td class=\"column-2\">3 lb 6 oz<\/td><td class=\"column-3\">Esp\u00e9rance<\/td><td class=\"column-4\">June 5<\/td>\n\t<\/tr>\n\t<tr class=\"row-23 odd\">\n\t\t<td class=\"column-1\">\u00a0\u00a0Marie-France Desrochers<\/td><td class=\"column-2\">3 lb 6 oz<\/td><td class=\"column-3\">Charit\u00e9 2<\/td><td class=\"column-4\">May 30<\/td>\n\t<\/tr>\n\t<tr class=\"row-24 even\">\n\t\t<td class=\"column-1\">\u00a0\u00a0Nancy Hamel<\/td><td class=\"column-2\">3 lb 6 oz<\/td><td class=\"column-3\">Esp\u00e9rance<\/td><td class=\"column-4\">May 8<\/td>\n\t<\/tr>\n\t<tr class=\"row-25 odd\">\n\t\t<td class=\"column-1\">\u00a0\u00a0Suzie Heppell<\/td><td class=\"column-2\">3 lb 6 oz<\/td><td class=\"column-3\">Esp\u00e9rance<\/td><td class=\"column-4\">June 4<\/td>\n\t<\/tr>\n\t<tr class=\"row-26 even\">\n\t\t<td class=\"column-1\">\u00a0\u00a0Bruno Gagnon<\/td><td class=\"column-2\">3 lb 6 oz<\/td><td class=\"column-3\">Charit\u00e9<\/td><td class=\"column-4\">June 14<\/td>\n\t<\/tr>\n\t<tr class=\"row-27 odd\">\n\t\t<td class=\"column-1\">\u00a0\u00a0R\u00e9my St-Pierre<\/td><td class=\"column-2\">3 lb 5 oz<\/td><td class=\"column-3\">Light<\/td><td class=\"column-4\">June 5<\/td>\n\t<\/tr>\n\t<tr class=\"row-28 even\">\n\t\t<td class=\"column-1\">\u00a0\u00a0Daniel Saint-Pierre<\/td><td class=\"column-2\">3 lb 5 oz<\/td><td class=\"column-3\">Charit\u00e9<\/td><td class=\"column-4\">May 29<\/td>\n\t<\/tr>\n\t<tr class=\"row-29 odd\">\n\t\t<td class=\"column-1\">\u00a0\u00a0Raymond Morel<\/td><td class=\"column-2\">3 lb 5 oz<\/td><td class=\"column-3\">Charit\u00e9<\/td><td class=\"column-4\">June 6<\/td>\n\t<\/tr>\n\t<tr class=\"row-30 even\">\n\t\t<td class=\"column-1\">\u00a0\u00a0Francine Bilodeau<\/td><td class=\"column-2\">3 lb 4 oz<\/td><td class=\"column-3\">Charit\u00e9 2<\/td><td class=\"column-4\">May 9<\/td>\n\t<\/tr>\n\t<tr class=\"row-31 odd\">\n\t\t<td class=\"column-1\">\u00a0\u00a0Louis Rochette<\/td><td class=\"column-2\">3 lb 4 oz<\/td><td class=\"column-3\">Vert<\/td><td class=\"column-4\">May 24<\/td>\n\t<\/tr>\n\t<tr class=\"row-32 even\">\n\t\t<td class=\"column-1\">\u00a0\u00a0Louise Desrosiers<\/td><td class=\"column-2\">3 lb 4 oz<\/td><td class=\"column-3\">Petit Esp\u00e9rance<\/td><td class=\"column-4\">May 10<\/td>\n\t<\/tr>\n\t<tr class=\"row-33 odd\">\n\t\t<td class=\"column-1\">\u00a0\u00a0Normand Bouillon<\/td><td class=\"column-2\">3 lb 4 oz<\/td><td class=\"column-3\">Charit\u00e9 1<\/td><td class=\"column-4\">May 29<\/td>\n\t<\/tr>\n\t<tr class=\"row-34 even\">\n\t\t<td class=\"column-1\">\u00a0\u00a0Jacques Proulx<\/td><td class=\"column-2\">3 lb 3 oz<\/td><td class=\"column-3\">Charit\u00e9<\/td><td class=\"column-4\">May 20<\/td>\n\t<\/tr>\n\t<tr class=\"row-35 odd\">\n\t\t<td class=\"column-1\">\u00a0\u00a0Suzie Heppell<\/td><td class=\"column-2\">3 lb 2 oz<\/td><td class=\"column-3\">Esp\u00e9rance<\/td><td class=\"column-4\">June 4<\/td>\n\t<\/tr>\n\t<tr class=\"row-36 even\">\n\t\t<td class=\"column-1\">\u00a0\u00a0Jean-Serge D'Aoust<\/td><td class=\"column-2\">3 lb 2 oz<\/td><td class=\"column-3\">Charit\u00e9 1<\/td><td class=\"column-4\">May 24<\/td>\n\t<\/tr>\n\t<tr class=\"row-37 odd\">\n\t\t<td class=\"column-1\">\u00a0\u00a0Julie Par\u00e9<\/td><td class=\"column-2\">3 lb 2 oz<\/td><td class=\"column-3\">Charit\u00e9<\/td><td class=\"column-4\">May 14<\/td>\n\t<\/tr>\n\t<tr class=\"row-38 even\">\n\t\t<td class=\"column-1\">\u00a0\u00a0Joseph Safar<\/td><td class=\"column-2\">3 lb 2 oz<\/td><td class=\"column-3\">Foi<\/td><td class=\"column-4\">May 25<\/td>\n\t<\/tr>\n\t<tr class=\"row-39 odd\">\n\t\t<td class=\"column-1\">\u00a0\u00a0Marcelo Castillo<\/td><td class=\"column-2\">3 lb 2 oz<\/td><td class=\"column-3\">Esp\u00e9rance<\/td><td class=\"column-4\">June 8<\/td>\n\t<\/tr>\n\t<tr class=\"row-40 even\">\n\t\t<td class=\"column-1\">\u00a0\u00a0Beno\u00eet Ducharme<\/td><td class=\"column-2\">3 lb 2 oz<\/td><td class=\"column-3\">Petit Esp\u00e9rance<\/td><td class=\"column-4\">May 9<\/td>\n\t<\/tr>\n\t<tr class=\"row-41 odd\">\n\t\t<td class=\"column-1\">\u00a0\u00a0Linda Hamel<\/td><td class=\"column-2\">3 lb 2 oz<\/td><td class=\"column-3\">Esp\u00e9rance<\/td><td class=\"column-4\">May 8<\/td>\n\t<\/tr>\n\t<tr class=\"row-42 even\">\n\t\t<td class=\"column-1\">\u00a0\u00a0Jean Lemay<\/td><td class=\"column-2\">3 lb 1 oz<\/td><td class=\"column-3\">Esp\u00e9rance<\/td><td class=\"column-4\">June 6<\/td>\n\t<\/tr>\n\t<tr class=\"row-43 odd\">\n\t\t<td class=\"column-1\">\u00a0\u00a0Robin Leblanc<\/td><td class=\"column-2\">3 lb 1 oz<\/td><td class=\"column-3\">Charit\u00e9 2<\/td><td class=\"column-4\">June 12<\/td>\n\t<\/tr>\n\t<tr class=\"row-44 even\">\n\t\t<td class=\"column-1\">\u00a0\u00a0Jean-Pierre Morin<\/td><td class=\"column-2\">3 lb 1 oz<\/td><td class=\"column-3\">Esp\u00e9rance<\/td><td class=\"column-4\">May 16<\/td>\n\t<\/tr>\n\t<tr class=\"row-45 odd\">\n\t\t<td class=\"column-1\">\u00a0\u00a0Denis Messier<\/td><td class=\"column-2\">3 lb 0 oz<\/td><td class=\"column-3\">Esp\u00e9rance<\/td><td class=\"column-4\">June 5<\/td>\n\t<\/tr>\n\t<tr class=\"row-46 even\">\n\t\t<td class=\"column-1\">\u00a0\u00a0Andr\u00e9 Zaraa<\/td><td class=\"column-2\">3 lb 0 oz<\/td><td class=\"column-3\">Foi<\/td><td class=\"column-4\">May 25<\/td>\n\t<\/tr>\n\t<tr class=\"row-47 odd\">\n\t\t<td class=\"column-1\">\u00a0\u00a0Pauline Tremblay<\/td><td class=\"column-2\">3 lb 0 oz<\/td><td class=\"column-3\">Esp\u00e9rance<\/td><td class=\"column-4\">July 21<\/td>\n\t<\/tr>\n\t<tr class=\"row-48 even\">\n\t\t<td class=\"column-1\">\u00a0\u00a0Isabelle Paradis<\/td><td class=\"column-2\">3 lb 0 oz<\/td><td class=\"column-3\">Charit\u00e9<\/td><td class=\"column-4\">May 15<\/td>\n\t<\/tr>\n\t<tr class=\"row-49 odd\">\n\t\t<td class=\"column-1\">\u00a0\u00a0Patrick Campeau<\/td><td class=\"column-2\">3 lb 0 oz<\/td><td class=\"column-3\">Esp\u00e9rance<\/td><td class=\"column-4\">June 6<\/td>\n\t<\/tr>\n<\/tbody>\n<\/table>\n<\/strong><\/p>\n<h2>2 lbs and over<\/h2>\n<p><strong>\n<table id=\"wp-table-reloaded-id-17-no-1\" class=\"wp-table-reloaded wp-table-reloaded-id-17\">\n<thead>\n\t<tr class=\"row-1 odd\">\n\t\t<th class=\"column-1\">\u00a0\u00a0NAME<\/th><th class=\"column-2\">WEIGHT<\/th><th class=\"column-3\">LAKE<\/th><th class=\"column-4\">DATE<\/th>\n\t<\/tr>\n<\/thead>\n<tbody>\n\t<tr class=\"row-2 even\">\n\t\t<td class=\"column-1\">\u00a0\u00a0Nancy Vermette<\/td><td class=\"column-2\">2 lb 15 oz<\/td><td class=\"column-3\">Esp\u00e9rance<\/td><td class=\"column-4\">June 5<\/td>\n\t<\/tr>\n\t<tr class=\"row-3 odd\">\n\t\t<td class=\"column-1\">\u00a0\u00a0Bernard B\u00e9liveau<\/td><td class=\"column-2\">2 lb 14 oz<\/td><td class=\"column-3\">Charit\u00e9<\/td><td class=\"column-4\">May 12<\/td>\n\t<\/tr>\n\t<tr class=\"row-4 even\">\n\t\t<td class=\"column-1\">\u00a0\u00a0Marco Messier<\/td><td class=\"column-2\">2 lb 13 oz<\/td><td class=\"column-3\">Charit\u00e9 1<\/td><td class=\"column-4\">May 9<\/td>\n\t<\/tr>\n\t<tr class=\"row-5 odd\">\n\t\t<td class=\"column-1\">\u00a0\u00a0Ghislain Par\u00e9<\/td><td class=\"column-2\">2 lb 13 oz<\/td><td class=\"column-3\">Foi<\/td><td class=\"column-4\">May 13<\/td>\n\t<\/tr>\n\t<tr class=\"row-6 even\">\n\t\t<td class=\"column-1\">\u00a0\u00a0Denis Turcotte<\/td><td class=\"column-2\">2 lb 13 oz<\/td><td class=\"column-3\">Charit\u00e9 1<\/td><td class=\"column-4\">May 9<\/td>\n\t<\/tr>\n\t<tr class=\"row-7 odd\">\n\t\t<td class=\"column-1\">\u00a0\u00a0R\u00e9my Lachiaille<\/td><td class=\"column-2\">2 lb 12 oz<\/td><td class=\"column-3\">Lac \u00e0 la croix<\/td><td class=\"column-4\">June 9<\/td>\n\t<\/tr>\n\t<tr class=\"row-8 even\">\n\t\t<td class=\"column-1\">\u00a0\u00a0Roger Dubois<\/td><td class=\"column-2\">2 lb 12 oz<\/td><td class=\"column-3\">Light<\/td><td class=\"column-4\">May 10<\/td>\n\t<\/tr>\n\t<tr class=\"row-9 odd\">\n\t\t<td class=\"column-1\">\u00a0\u00a0Dani\u00e8le Cantin<\/td><td class=\"column-2\">2 lb 12 oz<\/td><td class=\"column-3\">Charit\u00e9<\/td><td class=\"column-4\">May 8<\/td>\n\t<\/tr>\n\t<tr class=\"row-10 even\">\n\t\t<td class=\"column-1\">\u00a0\u00a0Claude Brousseau<\/td><td class=\"column-2\">2 lb 12 oz<\/td><td class=\"column-3\">Esp\u00e9rance<\/td><td class=\"column-4\">June 10<\/td>\n\t<\/tr>\n\t<tr class=\"row-11 odd\">\n\t\t<td class=\"column-1\">\u00a0\u00a0Jean-Pierre Morin<\/td><td class=\"column-2\">2 lb 11 oz<\/td><td class=\"column-3\">Esp\u00e9rance<\/td><td class=\"column-4\">May 16<\/td>\n\t<\/tr>\n\t<tr class=\"row-12 even\">\n\t\t<td class=\"column-1\">\u00a0\u00a0Michel Poulin<\/td><td class=\"column-2\">2 lb 11 oz<\/td><td class=\"column-3\">Foi<\/td><td class=\"column-4\">May 14<\/td>\n\t<\/tr>\n\t<tr class=\"row-13 odd\">\n\t\t<td class=\"column-1\">\u00a0\u00a0Ghislain Morisset<\/td><td class=\"column-2\">2 lb 11 oz<\/td><td class=\"column-3\">Esp\u00e9rance<\/td><td class=\"column-4\">June 13<\/td>\n\t<\/tr>\n\t<tr class=\"row-14 even\">\n\t\t<td class=\"column-1\">\u00a0\u00a0Claude Vaugeois<\/td><td class=\"column-2\">2 lb 10 oz<\/td><td class=\"column-3\">Charit\u00e9<\/td><td class=\"column-4\">May 16<\/td>\n\t<\/tr>\n\t<tr class=\"row-15 odd\">\n\t\t<td class=\"column-1\">\u00a0\u00a0Raynald Desjardins<\/td><td class=\"column-2\">2 lb 9 oz<\/td><td class=\"column-3\">Aux Biscuits<\/td><td class=\"column-4\">May 24<\/td>\n\t<\/tr>\n\t<tr class=\"row-16 even\">\n\t\t<td class=\"column-1\">\u00a0\u00a0Nicolas Pr\u00e9vost<\/td><td class=\"column-2\">2 lb 8 oz<\/td><td class=\"column-3\">Light<\/td><td class=\"column-4\">May 20<\/td>\n\t<\/tr>\n\t<tr class=\"row-17 odd\">\n\t\t<td class=\"column-1\">\u00a0\u00a0Richard Lapointe<\/td><td class=\"column-2\">2 lb 4 oz<\/td><td class=\"column-3\">Petit Esp\u00e9rance<\/td><td class=\"column-4\">June 28<\/td>\n\t<\/tr>\n\t<tr class=\"row-18 even\">\n\t\t<td class=\"column-1\">\u00a0\u00a0Andr\u00e9 Gosselin<\/td><td class=\"column-2\">2 lb 4 oz<\/td><td class=\"column-3\">Esp\u00e9rance<\/td><td class=\"column-4\">May 25<\/td>\n\t<\/tr>\n\t<tr class=\"row-19 odd\">\n\t\t<td class=\"column-1\">\u00a0\u00a0Marie-France Desrochers<\/td><td class=\"column-2\">2 lb 4 oz<\/td><td class=\"column-3\">Charit\u00e9 2<\/td><td class=\"column-4\">May 30<\/td>\n\t<\/tr>\n\t<tr class=\"row-20 even\">\n\t\t<td class=\"column-1\">\u00a0\u00a0Jacques Renaud<\/td><td class=\"column-2\">2 lb 2 oz<\/td><td class=\"column-3\">Esp\u00e9rance<\/td><td class=\"column-4\">May 15<\/td>\n\t<\/tr>\n\t<tr class=\"row-21 odd\">\n\t\t<td class=\"column-1\">\u00a0\u00a0Maxime Duchesne<\/td><td class=\"column-2\">2 lb 0 oz<\/td><td class=\"column-3\">Esp\u00e9rance<\/td><td class=\"column-4\">Sept. 5<\/td>\n\t<\/tr>\n<\/tbody>\n<\/table>\n<\/strong><\/p>\n","protected":false},"excerpt":{"rendered":"<p>5 lbs and over 4 lbs and over 3 lbs and over 2 lbs and over<\/p>\n","protected":false},"author":6,"featured_media":0,"parent":67,"menu_order":28,"comment_status":"open","ping_status":"closed","template":"","meta":{"_acf_changed":false,"footnotes":""},"class_list":["post-154","page","type-page","status-publish","hentry"],"acf":[],"yoast_head":"<!-- This site is optimized with the Yoast SEO plugin v26.8 - https:\/\/yoast.com\/product\/yoast-seo-wordpress\/ -->\n<title>2009 - Seigneurie du Triton<\/title>\n<meta name=\"robots\" content=\"index, follow, max-snippet:-1, max-image-preview:large, max-video-preview:-1\" \/>\n<link rel=\"canonical\" href=\"https:\/\/seigneuriedutriton.com\/en\/informations\/2-pounds-club\/years\/2009-en\/\" \/>\n<meta property=\"og:locale\" content=\"en_US\" \/>\n<meta property=\"og:type\" content=\"article\" \/>\n<meta property=\"og:title\" content=\"2009 - Seigneurie du Triton\" \/>\n<meta property=\"og:description\" content=\"5 lbs and over 4 lbs and over 3 lbs and over 2 lbs and over\" \/>\n<meta property=\"og:url\" content=\"https:\/\/seigneuriedutriton.com\/en\/informations\/2-pounds-club\/years\/2009-en\/\" \/>\n<meta property=\"og:site_name\" content=\"Seigneurie du Triton\" \/>\n<meta property=\"article:modified_time\" content=\"2013-03-15T15:41:40+00:00\" \/>\n<meta name=\"twitter:card\" content=\"summary_large_image\" \/>\n<script type=\"application\/ld+json\" class=\"yoast-schema-graph\">{\"@context\":\"https:\/\/schema.org\",\"@graph\":[{\"@type\":\"WebPage\",\"@id\":\"https:\/\/seigneuriedutriton.com\/en\/informations\/2-pounds-club\/years\/2009-en\/\",\"url\":\"https:\/\/seigneuriedutriton.com\/en\/informations\/2-pounds-club\/years\/2009-en\/\",\"name\":\"2009 - Seigneurie du Triton\",\"isPartOf\":{\"@id\":\"https:\/\/seigneuriedutriton.com\/en\/#website\"},\"datePublished\":\"2010-07-04T15:08:50+00:00\",\"dateModified\":\"2013-03-15T15:41:40+00:00\",\"breadcrumb\":{\"@id\":\"https:\/\/seigneuriedutriton.com\/en\/informations\/2-pounds-club\/years\/2009-en\/#breadcrumb\"},\"inLanguage\":\"en-US\",\"potentialAction\":[{\"@type\":\"ReadAction\",\"target\":[\"https:\/\/seigneuriedutriton.com\/en\/informations\/2-pounds-club\/years\/2009-en\/\"]}]},{\"@type\":\"BreadcrumbList\",\"@id\":\"https:\/\/seigneuriedutriton.com\/en\/informations\/2-pounds-club\/years\/2009-en\/#breadcrumb\",\"itemListElement\":[{\"@type\":\"ListItem\",\"position\":1,\"name\":\"Accueil\",\"item\":\"https:\/\/seigneuriedutriton.com\/en\/\"},{\"@type\":\"ListItem\",\"position\":2,\"name\":\"Informations\",\"item\":\"https:\/\/seigneuriedutriton.com\/en\/informations\/\"},{\"@type\":\"ListItem\",\"position\":3,\"name\":\"2 pounds club\",\"item\":\"https:\/\/seigneuriedutriton.com\/en\/informations\/2-pounds-club\/\"},{\"@type\":\"ListItem\",\"position\":4,\"name\":\"Years\",\"item\":\"https:\/\/seigneuriedutriton.com\/en\/informations\/2-pounds-club\/years\/\"},{\"@type\":\"ListItem\",\"position\":5,\"name\":\"2009\"}]},{\"@type\":\"WebSite\",\"@id\":\"https:\/\/seigneuriedutriton.com\/en\/#website\",\"url\":\"https:\/\/seigneuriedutriton.com\/en\/\",\"name\":\"Seigneurie du Triton\",\"description\":\"La Seigneurie du Triton: une prestigieuse pourvoirie au Canada\",\"potentialAction\":[{\"@type\":\"SearchAction\",\"target\":{\"@type\":\"EntryPoint\",\"urlTemplate\":\"https:\/\/seigneuriedutriton.com\/en\/?s={search_term_string}\"},\"query-input\":{\"@type\":\"PropertyValueSpecification\",\"valueRequired\":true,\"valueName\":\"search_term_string\"}}],\"inLanguage\":\"en-US\"}]}<\/script>\n<!-- \/ Yoast SEO plugin. -->","yoast_head_json":{"title":"2009 - Seigneurie du Triton","robots":{"index":"index","follow":"follow","max-snippet":"max-snippet:-1","max-image-preview":"max-image-preview:large","max-video-preview":"max-video-preview:-1"},"canonical":"https:\/\/seigneuriedutriton.com\/en\/informations\/2-pounds-club\/years\/2009-en\/","og_locale":"en_US","og_type":"article","og_title":"2009 - Seigneurie du Triton","og_description":"5 lbs and over 4 lbs and over 3 lbs and over 2 lbs and over","og_url":"https:\/\/seigneuriedutriton.com\/en\/informations\/2-pounds-club\/years\/2009-en\/","og_site_name":"Seigneurie du Triton","article_modified_time":"2013-03-15T15:41:40+00:00","twitter_card":"summary_large_image","schema":{"@context":"https:\/\/schema.org","@graph":[{"@type":"WebPage","@id":"https:\/\/seigneuriedutriton.com\/en\/informations\/2-pounds-club\/years\/2009-en\/","url":"https:\/\/seigneuriedutriton.com\/en\/informations\/2-pounds-club\/years\/2009-en\/","name":"2009 - Seigneurie du Triton","isPartOf":{"@id":"https:\/\/seigneuriedutriton.com\/en\/#website"},"datePublished":"2010-07-04T15:08:50+00:00","dateModified":"2013-03-15T15:41:40+00:00","breadcrumb":{"@id":"https:\/\/seigneuriedutriton.com\/en\/informations\/2-pounds-club\/years\/2009-en\/#breadcrumb"},"inLanguage":"en-US","potentialAction":[{"@type":"ReadAction","target":["https:\/\/seigneuriedutriton.com\/en\/informations\/2-pounds-club\/years\/2009-en\/"]}]},{"@type":"BreadcrumbList","@id":"https:\/\/seigneuriedutriton.com\/en\/informations\/2-pounds-club\/years\/2009-en\/#breadcrumb","itemListElement":[{"@type":"ListItem","position":1,"name":"Accueil","item":"https:\/\/seigneuriedutriton.com\/en\/"},{"@type":"ListItem","position":2,"name":"Informations","item":"https:\/\/seigneuriedutriton.com\/en\/informations\/"},{"@type":"ListItem","position":3,"name":"2 pounds club","item":"https:\/\/seigneuriedutriton.com\/en\/informations\/2-pounds-club\/"},{"@type":"ListItem","position":4,"name":"Years","item":"https:\/\/seigneuriedutriton.com\/en\/informations\/2-pounds-club\/years\/"},{"@type":"ListItem","position":5,"name":"2009"}]},{"@type":"WebSite","@id":"https:\/\/seigneuriedutriton.com\/en\/#website","url":"https:\/\/seigneuriedutriton.com\/en\/","name":"Seigneurie du Triton","description":"La Seigneurie du Triton: une prestigieuse pourvoirie au Canada","potentialAction":[{"@type":"SearchAction","target":{"@type":"EntryPoint","urlTemplate":"https:\/\/seigneuriedutriton.com\/en\/?s={search_term_string}"},"query-input":{"@type":"PropertyValueSpecification","valueRequired":true,"valueName":"search_term_string"}}],"inLanguage":"en-US"}]}},"_links":{"self":[{"href":"https:\/\/seigneuriedutriton.com\/en\/wp-json\/wp\/v2\/pages\/154","targetHints":{"allow":["GET"]}}],"collection":[{"href":"https:\/\/seigneuriedutriton.com\/en\/wp-json\/wp\/v2\/pages"}],"about":[{"href":"https:\/\/seigneuriedutriton.com\/en\/wp-json\/wp\/v2\/types\/page"}],"author":[{"embeddable":true,"href":"https:\/\/seigneuriedutriton.com\/en\/wp-json\/wp\/v2\/users\/6"}],"replies":[{"embeddable":true,"href":"https:\/\/seigneuriedutriton.com\/en\/wp-json\/wp\/v2\/comments?post=154"}],"version-history":[{"count":0,"href":"https:\/\/seigneuriedutriton.com\/en\/wp-json\/wp\/v2\/pages\/154\/revisions"}],"up":[{"embeddable":true,"href":"https:\/\/seigneuriedutriton.com\/en\/wp-json\/wp\/v2\/pages\/67"}],"wp:attachment":[{"href":"https:\/\/seigneuriedutriton.com\/en\/wp-json\/wp\/v2\/media?parent=154"}],"curies":[{"name":"wp","href":"https:\/\/api.w.org\/{rel}","templated":true}]}}